{"id":105,"date":"2023-10-23T08:33:23","date_gmt":"2023-10-23T06:33:23","guid":{"rendered":"https:\/\/www.lireecriretlv.com\/?page_id=105"},"modified":"2023-11-22T13:48:24","modified_gmt":"2023-11-22T12:48:24","slug":"mentions-legales","status":"publish","type":"page","link":"https:\/\/www.lireecriretlv.com\/index.php\/mentions-legales\/","title":{"rendered":"Mentions l\u00e9gales"},"content":{"rendered":"\t\t<div data-elementor-type=\"wp-page\" data-elementor-id=\"105\" class=\"elementor elementor-105\">\n\t\t\t\t<div class=\"elementor-element elementor-element-c91bd59 e-transform e-flex e-con-boxed e-con e-parent\" data-id=\"c91bd59\" data-element_type=\"container\" data-e-type=\"container\" data-settings=\"{&quot;_transform_translateY_effect&quot;:{&quot;unit&quot;:&quot;px&quot;,&quot;size&quot;:-137,&quot;sizes&quot;:[]},&quot;_transform_translateX_effect&quot;:{&quot;unit&quot;:&quot;px&quot;,&quot;size&quot;:&quot;&quot;,&quot;sizes&quot;:[]},&quot;_transform_translateX_effect_tablet&quot;:{&quot;unit&quot;:&quot;px&quot;,&quot;size&quot;:&quot;&quot;,&quot;sizes&quot;:[]},&quot;_transform_translateX_effect_mobile&quot;:{&quot;unit&quot;:&quot;px&quot;,&quot;size&quot;:&quot;&quot;,&quot;sizes&quot;:[]},&quot;_transform_translateY_effect_tablet&quot;:{&quot;unit&quot;:&quot;px&quot;,&quot;size&quot;:&quot;&quot;,&quot;sizes&quot;:[]},&quot;_transform_translateY_effect_mobile&quot;:{&quot;unit&quot;:&quot;px&quot;,&quot;size&quot;:&quot;&quot;,&quot;sizes&quot;:[]}}\">\n\t\t\t\t\t<div class=\"e-con-inner\">\n\t\t\t\t<div class=\"elementor-element elementor-element-809f884 elementor-widget elementor-widget-heading\" data-id=\"809f884\" data-element_type=\"widget\" data-e-type=\"widget\" data-widget_type=\"heading.default\">\n\t\t\t\t<div class=\"elementor-widget-container\">\n\t\t\t\t\t<h1 class=\"elementor-heading-title elementor-size-xl\">MENTIONS L\u00c9GALES ET POLITIQUE DE CONFIDENTIALIT\u00e9<\/h1>\t\t\t\t<\/div>\n\t\t\t\t<\/div>\n\t\t\t\t\t<\/div>\n\t\t\t\t<\/div>\n\t\t<div class=\"elementor-element elementor-element-cbda5e9 e-transform e-flex e-con-boxed e-con e-parent\" data-id=\"cbda5e9\" data-element_type=\"container\" data-e-type=\"container\" data-settings=\"{&quot;_transform_translateY_effect&quot;:{&quot;unit&quot;:&quot;px&quot;,&quot;size&quot;:-106,&quot;sizes&quot;:[]},&quot;_transform_translateX_effect&quot;:{&quot;unit&quot;:&quot;px&quot;,&quot;size&quot;:&quot;&quot;,&quot;sizes&quot;:[]},&quot;_transform_translateX_effect_tablet&quot;:{&quot;unit&quot;:&quot;px&quot;,&quot;size&quot;:&quot;&quot;,&quot;sizes&quot;:[]},&quot;_transform_translateX_effect_mobile&quot;:{&quot;unit&quot;:&quot;px&quot;,&quot;size&quot;:&quot;&quot;,&quot;sizes&quot;:[]},&quot;_transform_translateY_effect_tablet&quot;:{&quot;unit&quot;:&quot;px&quot;,&quot;size&quot;:&quot;&quot;,&quot;sizes&quot;:[]},&quot;_transform_translateY_effect_mobile&quot;:{&quot;unit&quot;:&quot;px&quot;,&quot;size&quot;:&quot;&quot;,&quot;sizes&quot;:[]}}\">\n\t\t\t\t\t<div class=\"e-con-inner\">\n\t\t\t\t<div class=\"elementor-element elementor-element-e916f76 elementor-widget elementor-widget-text-editor\" data-id=\"e916f76\" data-element_type=\"widget\" data-e-type=\"widget\" data-widget_type=\"text-editor.default\">\n\t\t\t\t<div class=\"elementor-widget-container\">\n\t\t\t\t\t\t\t\t\t<h4>I. Identification du site web.<\/h4><p><span style=\"color: #7a7a7a;\">Le site web <span style=\"color: #fbba10;\"><a style=\"color: #fbba10;\" href=\"https:\/\/www.lireecriretlv.com\">https:\/\/www.lireecriretlv.com<\/a><\/span> est \u00e9dit\u00e9 par St\u00e9phane Raimbault, 29 rue Boug\u00e8re, 49000 Angers, <span style=\"color: #fbba10;\"><a style=\"color: #fbba10;\" href=\"mailto:lire.ecrire@toutaulongdelavie.fr\">lire.ecrire@toutaulongdelavie.fr<\/a><\/span><\/span><\/p><p><span style=\"font-size: 14px; text-align: var(--text-align);\">Directeur de la publication : St\u00e9phane Raimbault<\/span><\/p>\t\t\t\t\t\t\t\t<\/div>\n\t\t\t\t<\/div>\n\t\t\t\t<div class=\"elementor-element elementor-element-6a103c0 elementor-widget elementor-widget-text-editor\" data-id=\"6a103c0\" data-element_type=\"widget\" data-e-type=\"widget\" data-widget_type=\"text-editor.default\">\n\t\t\t\t<div class=\"elementor-widget-container\">\n\t\t\t\t\t\t\t\t\t<h4>II. Propri\u00e9t\u00e9 intellectuelle.<\/h4><p>Sauf mention contraire, le contenu de ce site est la propri\u00e9t\u00e9 de l&rsquo;association Lire, \u00c9crire, tout au long de la vie. Toute reproduction ou exploitation partielle est interdite sans la permission \u00e9crite de l\u2019auteur \u00e0 savoir l&rsquo;association Lire, \u00c9crire, tout au long de la vie. Les illustrations, textes, libell\u00e9s, marques, images, vid\u00e9os pr\u00e9sent\u00e9s sur ce site sont la propri\u00e9t\u00e9 de Lire, \u00c9crire, tout au long de la vie. En vertu du droit d\u2019auteur et de la propri\u00e9t\u00e9 intellectuelle, la reproduction partielle ou totale sans autorisation \u00e9crite \u00e0 des fins autres que la consultation priv\u00e9e est interdite. Tout vol ou plagiat de ce contenu pourra donner lieu \u00e0 des poursuites judiciaires.<\/p><p>Cr\u00e9dits photos et illustrations : \u00a9 AdobeStock<\/p>\t\t\t\t\t\t\t\t<\/div>\n\t\t\t\t<\/div>\n\t\t\t\t<div class=\"elementor-element elementor-element-7f7cd09 elementor-widget elementor-widget-text-editor\" data-id=\"7f7cd09\" data-element_type=\"widget\" data-e-type=\"widget\" data-widget_type=\"text-editor.default\">\n\t\t\t\t<div class=\"elementor-widget-container\">\n\t\t\t\t\t\t\t\t\t<h4>III. H\u00e9bergeur.<\/h4><p>Ce site est h\u00e9berg\u00e9 par\u00a0<span style=\"font-family: Helvetica, sans-serif; font-size: 14px; font-style: normal; font-variant-ligatures: normal; font-variant-caps: normal; font-weight: 400; text-align: var(--text-align);\">OVH, situ\u00e9e au 2 Rue Kellermann, 59100 Roubaix.<\/span><\/p>\t\t\t\t\t\t\t\t<\/div>\n\t\t\t\t<\/div>\n\t\t\t\t<div class=\"elementor-element elementor-element-f11381d elementor-widget elementor-widget-text-editor\" data-id=\"f11381d\" data-element_type=\"widget\" data-e-type=\"widget\" data-widget_type=\"text-editor.default\">\n\t\t\t\t<div class=\"elementor-widget-container\">\n\t\t\t\t\t\t\t\t\t<h4>IV. Collecte et utilisation des donn\u00e9es personnelles.<\/h4><p class=\"wa-txt-par \">Nous collectons et utilisons vos donn\u00e9es personnelles conform\u00e9ment \u00e0 notre politique de confidentialit\u00e9. Les informations collect\u00e9es peuvent inclure, sans s\u2019y limiter, votre nom, votre adresse e-mail, votre adresse postale, et d\u2019autres informations pertinentes pour le traitement de votre demande. Nous nous engageons \u00e0 prot\u00e9ger la confidentialit\u00e9 de vos donn\u00e9es personnelles et \u00e0 les utiliser uniquement dans le cadre l\u00e9gal et conforme \u00e0 vos pr\u00e9f\u00e9rences.<\/p>\t\t\t\t\t\t\t\t<\/div>\n\t\t\t\t<\/div>\n\t\t\t\t<div class=\"elementor-element elementor-element-a775807 elementor-widget elementor-widget-text-editor\" data-id=\"a775807\" data-element_type=\"widget\" data-e-type=\"widget\" data-widget_type=\"text-editor.default\">\n\t\t\t\t<div class=\"elementor-widget-container\">\n\t\t\t\t\t\t\t\t\t<h4>V. Liens vers des sites tiers.<\/h4><p class=\"wa-txt-par \">Les liens tiers vous redirigent en dehors du sit<span style=\"color: #7a7a7a;\">e<span style=\"color: #fbba10;\">\u00a0<a style=\"color: #fbba10;\" href=\"https:\/\/www.lireecriretlv.com\">https:\/\/www.lireecriretlv.com<\/a> <\/span><\/span>sur des pages web appartenant \u00e0 d\u2019autres \u00e9diteurs. Lire, \u00c9crire, tout au long de la vie ne peut \u00eatre tenu pour responsable du contenu d\u2019un site tiers.<\/p>\t\t\t\t\t\t\t\t<\/div>\n\t\t\t\t<\/div>\n\t\t\t\t<div class=\"elementor-element elementor-element-0ad4a78 elementor-widget elementor-widget-text-editor\" data-id=\"0ad4a78\" data-element_type=\"widget\" data-e-type=\"widget\" data-widget_type=\"text-editor.default\">\n\t\t\t\t<div class=\"elementor-widget-container\">\n\t\t\t\t\t\t\t\t\t<h4>VI. Cr\u00e9ation du site internet.<\/h4><p class=\"wa-txt-par \">Le site internet de Lire, \u00c9crire, tout au long de la vie a \u00e9t\u00e9 cr\u00e9\u00e9 par Clara Hersant.<\/p>\t\t\t\t\t\t\t\t<\/div>\n\t\t\t\t<\/div>\n\t\t\t\t<div class=\"elementor-element elementor-element-5d9c34e elementor-widget elementor-widget-text-editor\" data-id=\"5d9c34e\" data-element_type=\"widget\" data-e-type=\"widget\" data-widget_type=\"text-editor.default\">\n\t\t\t\t<div class=\"elementor-widget-container\">\n\t\t\t\t\t\t\t\t\t<h4>VII. Limitation de responsabilit\u00e9.<\/h4><p class=\"wa-txt-par \">Nous nous effor\u00e7ons de maintenir les informations pr\u00e9sentes sur ce site aussi pr\u00e9cises et \u00e0 jour.<\/p>\t\t\t\t\t\t\t\t<\/div>\n\t\t\t\t<\/div>\n\t\t\t\t\t<\/div>\n\t\t\t\t<\/div>\n\t\t\t\t<\/div>\n\t\t","protected":false},"excerpt":{"rendered":"<p>MENTIONS L\u00c9GALES ET POLITIQUE DE CONFIDENTIALIT\u00e9 I. Identification du site web. Le site web https:\/\/www.lireecriretlv.com est \u00e9dit\u00e9 par St\u00e9phane Raimbault, 29 rue Boug\u00e8re, 49000 Angers, lire.ecrire@toutaulongdelavie.fr Directeur de la publication : St\u00e9phane Raimbault II. Propri\u00e9t\u00e9 intellectuelle. Sauf mention contraire, le contenu de ce site est la propri\u00e9t\u00e9 de l&rsquo;association Lire, \u00c9crire, tout au long de [&hellip;]<\/p>\n","protected":false},"author":2,"featured_media":0,"parent":0,"menu_order":0,"comment_status":"closed","ping_status":"closed","template":"","meta":{"ocean_post_layout":"","ocean_both_sidebars_style":"","ocean_both_sidebars_content_width":0,"ocean_both_sidebars_sidebars_width":0,"ocean_sidebar":"","ocean_second_sidebar":"","ocean_disable_margins":"enable","ocean_add_body_class":"","ocean_shortcode_before_top_bar":"","ocean_shortcode_after_top_bar":"","ocean_shortcode_before_header":"","ocean_shortcode_after_header":"","ocean_has_shortcode":"","ocean_shortcode_after_title":"","ocean_shortcode_before_footer_widgets":"","ocean_shortcode_after_footer_widgets":"","ocean_shortcode_before_footer_bottom":"","ocean_shortcode_after_footer_bottom":"","ocean_display_top_bar":"default","ocean_display_header":"default","ocean_header_style":"","ocean_center_header_left_menu":"","ocean_custom_header_template":"","ocean_custom_logo":0,"ocean_custom_retina_logo":0,"ocean_custom_logo_max_width":0,"ocean_custom_logo_tablet_max_width":0,"ocean_custom_logo_mobile_max_width":0,"ocean_custom_logo_max_height":0,"ocean_custom_logo_tablet_max_height":0,"ocean_custom_logo_mobile_max_height":0,"ocean_header_custom_menu":"","ocean_menu_typo_font_family":"","ocean_menu_typo_font_subset":"","ocean_menu_typo_font_size":0,"ocean_menu_typo_font_size_tablet":0,"ocean_menu_typo_font_size_mobile":0,"ocean_menu_typo_font_size_unit":"px","ocean_menu_typo_font_weight":"","ocean_menu_typo_font_weight_tablet":"","ocean_menu_typo_font_weight_mobile":"","ocean_menu_typo_transform":"","ocean_menu_typo_transform_tablet":"","ocean_menu_typo_transform_mobile":"","ocean_menu_typo_line_height":0,"ocean_menu_typo_line_height_tablet":0,"ocean_menu_typo_line_height_mobile":0,"ocean_menu_typo_line_height_unit":"","ocean_menu_typo_spacing":0,"ocean_menu_typo_spacing_tablet":0,"ocean_menu_typo_spacing_mobile":0,"ocean_menu_typo_spacing_unit":"","ocean_menu_link_color":"","ocean_menu_link_color_hover":"","ocean_menu_link_color_active":"","ocean_menu_link_background":"","ocean_menu_link_hover_background":"","ocean_menu_link_active_background":"","ocean_menu_social_links_bg":"","ocean_menu_social_hover_links_bg":"","ocean_menu_social_links_color":"","ocean_menu_social_hover_links_color":"","ocean_disable_title":"default","ocean_disable_heading":"default","ocean_post_title":"","ocean_post_subheading":"","ocean_post_title_style":"","ocean_post_title_background_color":"","ocean_post_title_background":0,"ocean_post_title_bg_image_position":"","ocean_post_title_bg_image_attachment":"","ocean_post_title_bg_image_repeat":"","ocean_post_title_bg_image_size":"","ocean_post_title_height":0,"ocean_post_title_bg_overlay":0.5,"ocean_post_title_bg_overlay_color":"","ocean_disable_breadcrumbs":"default","ocean_breadcrumbs_color":"","ocean_breadcrumbs_separator_color":"","ocean_breadcrumbs_links_color":"","ocean_breadcrumbs_links_hover_color":"","ocean_display_footer_widgets":"default","ocean_display_footer_bottom":"default","ocean_custom_footer_template":"","footnotes":""},"class_list":["post-105","page","type-page","status-publish","hentry","entry"],"_links":{"self":[{"href":"https:\/\/www.lireecriretlv.com\/index.php\/wp-json\/wp\/v2\/pages\/105","targetHints":{"allow":["GET"]}}],"collection":[{"href":"https:\/\/www.lireecriretlv.com\/index.php\/wp-json\/wp\/v2\/pages"}],"about":[{"href":"https:\/\/www.lireecriretlv.com\/index.php\/wp-json\/wp\/v2\/types\/page"}],"author":[{"embeddable":true,"href":"https:\/\/www.lireecriretlv.com\/index.php\/wp-json\/wp\/v2\/users\/2"}],"replies":[{"embeddable":true,"href":"https:\/\/www.lireecriretlv.com\/index.php\/wp-json\/wp\/v2\/comments?post=105"}],"version-history":[{"count":37,"href":"https:\/\/www.lireecriretlv.com\/index.php\/wp-json\/wp\/v2\/pages\/105\/revisions"}],"predecessor-version":[{"id":2013,"href":"https:\/\/www.lireecriretlv.com\/index.php\/wp-json\/wp\/v2\/pages\/105\/revisions\/2013"}],"wp:attachment":[{"href":"https:\/\/www.lireecriretlv.com\/index.php\/wp-json\/wp\/v2\/media?parent=105"}],"curies":[{"name":"wp","href":"https:\/\/api.w.org\/{rel}","templated":true}]}}